{"id":148,"date":"2016-12-21T10:23:09","date_gmt":"2016-12-21T09:23:09","guid":{"rendered":"http:\/\/www.sp2tmt.tvk.torun.pl\/?page_id=148"},"modified":"2021-04-25T12:33:47","modified_gmt":"2021-04-25T11:33:47","slug":"dyplomy","status":"publish","type":"page","link":"https:\/\/www.sp2tmt.pl\/?page_id=148","title":{"rendered":"Dyplomy"},"content":{"rendered":"<p><a href=\"https:\/\/goo.gl\/photos\/ANfF7AgoU3tvKBr69\" target=\"_blank\" rel=\"noopener noreferrer\">World Castle Award<\/a><\/p>\n<p><a href=\"https:\/\/goo.gl\/photos\/aCgj6GYkKXVYfhe37\" target=\"_blank\" rel=\"noopener noreferrer\">Zawody Zamkowe<\/a><\/p>\n<p><a href=\"https:\/\/goo.gl\/photos\/hbiZA8vXQ4eMXfw46\" target=\"_blank\" rel=\"noopener noreferrer\">Zawody Militarne<\/a><\/p>\n<p><a href=\"https:\/\/goo.gl\/photos\/xAvRZzryqiGHM9Sn7\" target=\"_blank\" rel=\"noopener noreferrer\">Dyplomy Za Zawody Krajowe<\/a><\/p>\n<p><a href=\"https:\/\/goo.gl\/photos\/XuKcX7sNJ3H8kMQx9\" target=\"_blank\" rel=\"noopener noreferrer\">Dyplomy Za Zawody Mi\u0119dzynarodowe<\/a><\/p>\n<p><a href=\"https:\/\/goo.gl\/photos\/s35qMnz79dR8P51v9\" target=\"_blank\" rel=\"noopener noreferrer\">Dyplomy Za Zawody Okoliczno\u015bciowe<\/a><br \/>\n<a href=\"https:\/\/goo.gl\/photos\/1kNcoDBt9JfbeSHt9\" target=\"_blank\" rel=\"noopener noreferrer\">RUSSIAN NEW YEAR &#8211; 2017<\/a><\/p>\n<p><a title=\"Dyplomy Rosyjskie\" href=\"https:\/\/goo.gl\/photos\/PK8j8gUYhi7uuppr8\" target=\"_blank\" rel=\"noopener noreferrer\">Dyplomy Rosyjskie<\/a><\/p>\n<p><a href=\"https:\/\/photos.app.goo.gl\/eVefoM63aTyk2Qq78\" target=\"_blank\" rel=\"noopener noreferrer\">COTA Award German<\/a><\/p>\n<p><a href=\"https:\/\/photos.app.goo.gl\/Zp6iCszJDTo12vHr9\" target=\"_blank\" rel=\"noopener noreferrer\">Dyplomy Mi\u0119dzynarodowe<\/a><\/p>\n<p><a href=\"https:\/\/photos.app.goo.gl\/7gJFkWhYFug6JD4s5\" target=\"_blank\" rel=\"noopener noreferrer\">Dyplomy PGA H &#8211; hunter czyli \u0142owca dyplom\u00f3w<\/a><\/p>\n<p><a href=\"https:\/\/photos.app.goo.gl\/9U36hsx5E62S1VuN8\" target=\"_blank\" rel=\"noopener noreferrer\">Dyplomy PGA E &#8211; ekspedition czyli ekspedycje<\/a><\/p>\n<p>Dyplomy PGA S &#8211; special &#8211; dyplomy specjalne<\/p>\n<p><a href=\"https:\/\/www.sp2tmt.pl\/?page_id=1639\">Dyplomy Okoliczno\u015bciowe<\/a><\/p>\n<p><a href=\"https:\/\/photos.app.goo.gl\/gNcKMe8eJ9K5oGiK9\" target=\"_blank\" rel=\"noopener noreferrer\">Dyplomy HF World Championship IARU<\/a><\/p>\n<p><strong>Dyplomy Za \u0141\u0105czno\u015bci Cyfrowe:<\/strong><\/p>\n<p><a href=\"https:\/\/goo.gl\/photos\/7QdVmGbX9Lz5J72u5\" target=\"_blank\" rel=\"noopener noreferrer\">30MDG<\/a><\/p>\n<p><a href=\"https:\/\/goo.gl\/photos\/54EKcYwJSMivV8acA\" target=\"_blank\" rel=\"noopener noreferrer\">BDM<\/a><\/p>\n<p><a href=\"https:\/\/goo.gl\/photos\/c1mNVuEqHqYmTbkj6\" target=\"_blank\" rel=\"noopener noreferrer\">CDG<\/a><\/p>\n<p>DMV<\/p>\n<p><a title=\"EPC\" href=\"http:\/\/www.sp2tmt.tvk.torun.pl\/?page_id=216\">EPC<\/a><\/p>\n<p>NDG<\/p>\n","protected":false},"excerpt":{"rendered":"<p>World Castle Award Zawody Zamkowe Zawody Militarne Dyplomy Za Zawody Krajowe Dyplomy Za Zawody Mi\u0119dzynarodowe Dyplomy Za Zawody Okoliczno\u015bciowe RUSSIAN NEW YEAR &#8211; 2017 Dyplomy Rosyjskie COTA Award German Dyplomy Mi\u0119dzynarodowe Dyplomy PGA H &#8211; hunter czyli \u0142owca dyplom\u00f3w Dyplomy PGA E &#8211; ekspedition czyli ekspedycje Dyplomy PGA S &#8211; special &#8211; dyplomy specjalne Dyplomy [&hellip;]<\/p>\n","protected":false},"author":1,"featured_media":0,"parent":0,"menu_order":0,"comment_status":"closed","ping_status":"open","template":"","meta":{"ngg_post_thumbnail":0,"footnotes":""},"class_list":["post-148","page","type-page","status-publish","hentry"],"_links":{"self":[{"href":"https:\/\/www.sp2tmt.pl\/index.php?rest_route=\/wp\/v2\/pages\/148","targetHints":{"allow":["GET"]}}],"collection":[{"href":"https:\/\/www.sp2tmt.pl\/index.php?rest_route=\/wp\/v2\/pages"}],"about":[{"href":"https:\/\/www.sp2tmt.pl\/index.php?rest_route=\/wp\/v2\/types\/page"}],"author":[{"embeddable":true,"href":"https:\/\/www.sp2tmt.pl\/index.php?rest_route=\/wp\/v2\/users\/1"}],"replies":[{"embeddable":true,"href":"https:\/\/www.sp2tmt.pl\/index.php?rest_route=%2Fwp%2Fv2%2Fcomments&post=148"}],"version-history":[{"count":28,"href":"https:\/\/www.sp2tmt.pl\/index.php?rest_route=\/wp\/v2\/pages\/148\/revisions"}],"predecessor-version":[{"id":1644,"href":"https:\/\/www.sp2tmt.pl\/index.php?rest_route=\/wp\/v2\/pages\/148\/revisions\/1644"}],"wp:attachment":[{"href":"https:\/\/www.sp2tmt.pl\/index.php?rest_route=%2Fwp%2Fv2%2Fmedia&parent=148"}],"curies":[{"name":"wp","href":"https:\/\/api.w.org\/{rel}","templated":true}]}}