{"id":2,"date":"2015-12-04T08:16:41","date_gmt":"2015-12-04T08:16:41","guid":{"rendered":"http:\/\/www.sp2tmt.tvk.torun.pl\/?page_id=2"},"modified":"2024-12-02T11:16:20","modified_gmt":"2024-12-02T10:16:20","slug":"informacje","status":"publish","type":"page","link":"https:\/\/www.sp2tmt.pl\/?page_id=2","title":{"rendered":"Informacje"},"content":{"rendered":"<address>\n<p class=\"html-h1 xdj266r x11i5rnm xat24cr x1mh8g0r xexx8yu x4uap5 x18d9i69 xkhd6sd x1vvkbs x1heor9g x1qlqyl8 x1pd3egz x1a2a7pz\"><strong>Klub kr\u00f3tkofalowc\u00f3w PZK OSA przy Muzeum Artylerii w Toruniu <\/strong><\/p>\n<p><strong>ul. Jana Sobieskiego 28,<\/strong><br \/>\n<strong>87-100 Toru\u0144<\/strong><br \/>\n<strong>(siedziba klubu: Muzeum Artylerii w Toruniu) <\/strong><\/p>\n<p><strong>QTH Lokator: JO93ha<\/strong><br \/>\n<strong>SPPA: P-TM<\/strong><br \/>\n<strong>kontakt: <a href=\"mailto:sp2tmt@gmail.com\">sp2tmt@gmail.com<\/a><\/strong><\/p>\n<\/address>\n<p>&nbsp;<\/p>\n","protected":false},"excerpt":{"rendered":"<p>Klub kr\u00f3tkofalowc\u00f3w PZK OSA przy Muzeum Artylerii w Toruniu ul. Jana Sobieskiego 28, 87-100 Toru\u0144 (siedziba klubu: Muzeum Artylerii w Toruniu) QTH Lokator: JO93ha SPPA: P-TM kontakt: sp2tmt@gmail.com &nbsp;<\/p>\n","protected":false},"author":1,"featured_media":0,"parent":0,"menu_order":0,"comment_status":"closed","ping_status":"open","template":"","meta":{"ngg_post_thumbnail":0,"footnotes":""},"class_list":["post-2","page","type-page","status-publish","hentry"],"_links":{"self":[{"href":"https:\/\/www.sp2tmt.pl\/index.php?rest_route=\/wp\/v2\/pages\/2","targetHints":{"allow":["GET"]}}],"collection":[{"href":"https:\/\/www.sp2tmt.pl\/index.php?rest_route=\/wp\/v2\/pages"}],"about":[{"href":"https:\/\/www.sp2tmt.pl\/index.php?rest_route=\/wp\/v2\/types\/page"}],"author":[{"embeddable":true,"href":"https:\/\/www.sp2tmt.pl\/index.php?rest_route=\/wp\/v2\/users\/1"}],"replies":[{"embeddable":true,"href":"https:\/\/www.sp2tmt.pl\/index.php?rest_route=%2Fwp%2Fv2%2Fcomments&post=2"}],"version-history":[{"count":10,"href":"https:\/\/www.sp2tmt.pl\/index.php?rest_route=\/wp\/v2\/pages\/2\/revisions"}],"predecessor-version":[{"id":2557,"href":"https:\/\/www.sp2tmt.pl\/index.php?rest_route=\/wp\/v2\/pages\/2\/revisions\/2557"}],"wp:attachment":[{"href":"https:\/\/www.sp2tmt.pl\/index.php?rest_route=%2Fwp%2Fv2%2Fmedia&parent=2"}],"curies":[{"name":"wp","href":"https:\/\/api.w.org\/{rel}","templated":true}]}}