{"id":281,"date":"2017-09-14T10:27:59","date_gmt":"2017-09-14T09:27:59","guid":{"rendered":"http:\/\/www.sp2tmt.tvk.torun.pl\/?page_id=281"},"modified":"2024-10-09T14:42:22","modified_gmt":"2024-10-09T13:42:22","slug":"czlonkowie-klubu","status":"publish","type":"page","link":"https:\/\/www.sp2tmt.pl\/?page_id=281","title":{"rendered":"Cz\u0142onkowie Klubu"},"content":{"rendered":"<p style=\"text-align: center;\">WYKAZ<\/p>\n<p style=\"text-align: center;\"><span style=\"font-family: Arial, sans-serif;\">cz\u0142onk\u00f3w Klubu Kr\u00f3tkofalowc\u00f3w PZK Fort IV <\/span><\/p>\n<p style=\"text-align: center;\"><span style=\"font-family: Arial, sans-serif;\">przy Towarzystwie Mi\u0142o\u015bnik\u00f3w Torunia <\/span><\/p>\n<p style=\"text-align: center;\">stan na dzie\u0144 09.11.2023<\/p>\n<p style=\"text-align: center;\">&nbsp;<\/p>\n<p>Zarz\u0105d Klubu w sk\u0142adzie:<\/p>\n<p>Prezes: Mariusz SQ2BNM<\/p>\n<p>Sekretarz: Andrzej SQ2RCB<\/p>\n<p>Gospodarz: Piotr SQ2CFV<\/p>\n<table style=\"width: 94.9207%; height: 580px;\" border=\"0\" cellspacing=\"0\">\n<colgroup span=\"3\" width=\"85\"><\/colgroup>\n<tbody>\n<tr style=\"height: 20px;\">\n<td style=\"width: 31.4381%; height: 20px;\" align=\"left\" height=\"17\"><span style=\"font-family: &amp;amp;\">Lp.<\/span><\/td>\n<td style=\"width: 36.2876%; height: 20px;\" align=\"left\"><span style=\"font-family: &amp;amp;\">Imi\u0119<\/span><\/td>\n<td style=\"width: 32.2742%; height: 20px;\" align=\"left\"><span style=\"font-family: &amp;amp;\">Znak<\/span><\/td>\n<\/tr>\n<tr style=\"height: 20px;\">\n<td style=\"width: 31.4381%; height: 20px;\" align=\"left\" height=\"17\"><span style=\"font-family: &amp;amp;\">1.<\/span><\/td>\n<td style=\"width: 36.2876%; height: 20px;\" align=\"left\"><span style=\"font-family: &amp;amp;\">Mariusz<\/span><\/td>\n<td style=\"width: 32.2742%; height: 20px;\" align=\"left\"><span style=\"font-family: &amp;amp;\">SQ2BNM<\/span><\/td>\n<\/tr>\n<tr style=\"height: 20px;\">\n<td style=\"width: 31.4381%; height: 20px;\" align=\"left\" height=\"17\"><span style=\"font-family: &amp;amp;\">2.<\/span><\/td>\n<td style=\"width: 36.2876%; height: 20px;\" align=\"left\"><span style=\"font-family: &amp;amp;\">Rafa\u0142<\/span><\/td>\n<td style=\"width: 32.2742%; height: 20px;\" align=\"left\"><span style=\"font-family: &amp;amp;\">SP2RAK<\/span><\/td>\n<\/tr>\n<tr style=\"height: 20px;\">\n<td style=\"width: 31.4381%; height: 20px;\" align=\"left\" height=\"17\"><span style=\"font-family: &amp;amp;\">3.<\/span><\/td>\n<td style=\"width: 36.2876%; height: 20px;\" align=\"left\"><span style=\"font-family: &amp;amp;\">Pawe\u0142<\/span><\/td>\n<td style=\"width: 32.2742%; height: 20px;\" align=\"left\"><span style=\"font-family: &amp;amp;\">SP2PR<\/span><\/td>\n<\/tr>\n<tr style=\"height: 20px;\">\n<td style=\"width: 31.4381%; height: 20px;\" align=\"left\" height=\"17\"><span style=\"font-family: &amp;amp;\">4.<\/span><\/td>\n<td style=\"width: 36.2876%; height: 20px;\" align=\"left\"><span style=\"font-family: &amp;amp;\">Waldemar<\/span><\/td>\n<td style=\"width: 32.2742%; height: 20px;\" align=\"left\"><span style=\"font-family: &amp;amp;\">SP2EUI<\/span><\/td>\n<\/tr>\n<tr style=\"height: 20px;\">\n<td style=\"width: 31.4381%; height: 20px;\" align=\"left\" height=\"17\"><span style=\"font-family: &amp;amp;\">5.<\/span><\/td>\n<td style=\"width: 36.2876%; height: 20px;\" align=\"left\"><span style=\"font-family: &amp;amp;\">Wies\u0142aw<\/span><\/td>\n<td style=\"width: 32.2742%; height: 20px;\" align=\"left\"><span style=\"font-family: &amp;amp;\">SP2IWL<\/span><\/td>\n<\/tr>\n<tr style=\"height: 20px;\">\n<td style=\"width: 31.4381%; height: 20px;\" align=\"left\" height=\"17\"><span style=\"font-family: &amp;amp;\">6.<\/span><\/td>\n<td style=\"width: 36.2876%; height: 20px;\" align=\"left\"><span style=\"font-family: &amp;amp;\">Eugeniusz<\/span><\/td>\n<td style=\"width: 32.2742%; height: 20px;\" align=\"left\"><span style=\"font-family: &amp;amp;\">SP2EPV<\/span><\/td>\n<\/tr>\n<tr style=\"height: 20px;\">\n<td style=\"width: 31.4381%; height: 20px;\" align=\"left\" height=\"17\"><span style=\"font-family: &amp;amp;\">7.<\/span><\/td>\n<td style=\"width: 36.2876%; height: 20px;\" align=\"left\"><span style=\"font-family: &amp;amp;\">Jerzy<\/span><\/td>\n<td style=\"width: 32.2742%; height: 20px;\" align=\"left\"><span style=\"font-family: &amp;amp;\">SP2RED<\/span><\/td>\n<\/tr>\n<tr style=\"height: 20px;\">\n<td style=\"width: 31.4381%; height: 20px;\" align=\"left\" height=\"17\"><span style=\"font-family: &amp;amp;\">8.<\/span><\/td>\n<td style=\"width: 36.2876%; height: 20px;\" align=\"left\"><span style=\"font-family: &amp;amp;\">Piotr<\/span><\/td>\n<td style=\"width: 32.2742%; height: 20px;\" align=\"left\"><span style=\"font-family: &amp;amp;\">SQ2CFV<\/span><\/td>\n<\/tr>\n<tr style=\"height: 20px;\">\n<td style=\"width: 31.4381%; height: 20px;\" align=\"left\" height=\"17\"><span style=\"font-family: &amp;amp;\">9.<\/span><\/td>\n<td style=\"width: 36.2876%; height: 20px;\" align=\"left\"><span style=\"font-family: &amp;amp;\">Jakub<\/span><\/td>\n<td style=\"width: 32.2742%; height: 20px;\" align=\"left\"><span style=\"font-family: &amp;amp;\">SQ2GWR<\/span><\/td>\n<\/tr>\n<tr style=\"height: 20px;\">\n<td style=\"width: 31.4381%; height: 20px;\" align=\"left\" height=\"17\"><span style=\"font-family: &amp;amp;\">10.<\/span><\/td>\n<td style=\"width: 36.2876%; height: 20px;\" align=\"left\"><span style=\"font-family: &amp;amp;\">Ryszard<\/span><\/td>\n<td style=\"width: 32.2742%; height: 20px;\" align=\"left\"><span style=\"font-family: &amp;amp;\">SP2GR<\/span><\/td>\n<\/tr>\n<tr style=\"height: 20px;\">\n<td style=\"width: 31.4381%; height: 20px;\" align=\"left\" height=\"17\"><span style=\"font-family: &amp;amp;\">11.<\/span><\/td>\n<td style=\"width: 36.2876%; height: 20px;\" align=\"left\"><span style=\"font-family: &amp;amp;\">Krzysztof<\/span><\/td>\n<td style=\"width: 32.2742%; height: 20px;\" align=\"left\"><span style=\"font-family: &amp;amp;\">SQ2RBP<\/span><\/td>\n<\/tr>\n<tr style=\"height: 20px;\">\n<td style=\"width: 31.4381%; height: 20px;\" align=\"left\" height=\"17\"><span style=\"font-family: &amp;amp;\">12.<\/span><\/td>\n<td style=\"width: 36.2876%; height: 20px;\" align=\"left\"><span style=\"font-family: &amp;amp;\">Krzysztof<\/span><\/td>\n<td style=\"width: 32.2742%; height: 20px;\" align=\"left\"><span style=\"font-family: &amp;amp;\">SQ2OSG<\/span><\/td>\n<\/tr>\n<tr style=\"height: 20px;\">\n<td style=\"width: 31.4381%; height: 20px;\" align=\"left\" height=\"17\"><span style=\"font-family: &amp;amp;\">13.<\/span><\/td>\n<td style=\"width: 36.2876%; height: 20px;\" align=\"left\"><span style=\"font-family: &amp;amp;\">Bartek<\/span><\/td>\n<td style=\"width: 32.2742%; height: 20px;\" align=\"left\"><span style=\"font-family: &amp;amp;\">SQ1K<\/span><\/td>\n<\/tr>\n<tr style=\"height: 20px;\">\n<td style=\"width: 31.4381%; height: 20px;\" align=\"left\" height=\"17\"><span style=\"font-family: &amp;amp;\">14.<\/span><\/td>\n<td style=\"width: 36.2876%; height: 20px;\" align=\"left\"><span style=\"font-family: &amp;amp;\">S\u0142awek<\/span><\/td>\n<td style=\"width: 32.2742%; height: 20px;\" align=\"left\"><span style=\"font-family: &amp;amp;\">SP2HSA<\/span><\/td>\n<\/tr>\n<tr style=\"height: 20px;\">\n<td style=\"width: 31.4381%; height: 20px;\" align=\"left\" height=\"17\"><span style=\"font-family: &amp;amp;\">15.<\/span><\/td>\n<td style=\"width: 36.2876%; height: 20px;\" align=\"left\"><span style=\"font-family: &amp;amp;\">Zbyszek<\/span><\/td>\n<td style=\"width: 32.2742%; height: 20px;\" align=\"left\"><span style=\"font-family: &amp;amp;\">SP2LS<\/span><\/td>\n<\/tr>\n<tr style=\"height: 20px;\">\n<td style=\"width: 31.4381%; height: 20px;\" align=\"left\" height=\"17\"><span style=\"font-family: &amp;amp;\">16.<\/span><\/td>\n<td style=\"width: 36.2876%; height: 20px;\" align=\"left\"><span style=\"font-family: &amp;amp;\">Robert<\/span><\/td>\n<td style=\"width: 32.2742%; height: 20px;\" align=\"left\"><span style=\"font-family: &amp;amp;\">SQ2LKS<\/span><\/td>\n<\/tr>\n<tr style=\"height: 20px;\">\n<td style=\"width: 31.4381%; height: 20px;\" align=\"left\" height=\"17\"><span style=\"font-family: &amp;amp;\">17.<\/span><\/td>\n<td style=\"width: 36.2876%; height: 20px;\" align=\"left\"><span style=\"font-family: &amp;amp;\">Konrad<\/span><\/td>\n<td style=\"width: 32.2742%; height: 20px;\" align=\"left\"><span style=\"font-family: &amp;amp;\">SP2-26-386<\/span><\/td>\n<\/tr>\n<tr style=\"height: 20px;\">\n<td style=\"width: 31.4381%; height: 20px;\" align=\"left\" height=\"17\"><span style=\"font-family: &amp;amp;\">18.<\/span><\/td>\n<td style=\"width: 36.2876%; height: 20px;\" align=\"left\"><span style=\"font-family: &amp;amp;\">Jerzy<\/span><\/td>\n<td style=\"width: 32.2742%; height: 20px;\" align=\"left\"><span style=\"font-family: &amp;amp;\">SP2ERH<\/span><\/td>\n<\/tr>\n<tr style=\"height: 20px;\">\n<td style=\"width: 31.4381%; height: 20px;\" align=\"left\" height=\"17\"><span style=\"font-family: &amp;amp;\">19.<\/span><\/td>\n<td style=\"width: 36.2876%; height: 20px;\" align=\"left\"><span style=\"font-family: &amp;amp;\">Maria<\/span><\/td>\n<td style=\"width: 32.2742%; height: 20px;\" align=\"left\"><span style=\"font-family: &amp;amp;\">SP2LQO<\/span><\/td>\n<\/tr>\n<tr style=\"height: 20px;\">\n<td style=\"width: 31.4381%; height: 20px;\" align=\"left\" height=\"17\"><span style=\"font-family: &amp;amp;\">20.<\/span><\/td>\n<td style=\"width: 36.2876%; height: 20px;\" align=\"left\"><span style=\"font-family: &amp;amp;\">Marzenna<\/span><\/td>\n<td style=\"width: 32.2742%; height: 20px;\" align=\"left\"><span style=\"font-family: &amp;amp;\">SP2MJH<\/span><\/td>\n<\/tr>\n<tr style=\"height: 20px;\">\n<td style=\"width: 31.4381%; height: 20px;\" align=\"left\" height=\"17\"><span style=\"font-family: &amp;amp;\">21.<\/span><\/td>\n<td style=\"width: 36.2876%; height: 20px;\" align=\"left\"><span style=\"font-family: &amp;amp;\">Janusz<\/span><\/td>\n<td style=\"width: 32.2742%; height: 20px;\" align=\"left\"><span style=\"font-family: &amp;amp;\">SP2JKH<\/span><\/td>\n<\/tr>\n<tr style=\"height: 20px;\">\n<td style=\"width: 31.4381%; height: 20px;\" align=\"left\" height=\"17\"><span style=\"font-family: &amp;amp;\">22.<\/span><\/td>\n<td style=\"width: 36.2876%; height: 20px;\" align=\"left\"><span style=\"font-family: &amp;amp;\">Andrzej<\/span><\/td>\n<td style=\"width: 32.2742%; height: 20px;\" align=\"left\"><span style=\"font-family: &amp;amp;\">SQ2RCB<\/span><\/td>\n<\/tr>\n<tr style=\"height: 20px;\">\n<td style=\"width: 31.4381%; height: 20px;\" align=\"left\" height=\"17\"><span style=\"font-family: &amp;amp;\">23.<\/span><\/td>\n<td style=\"width: 36.2876%; height: 20px;\" align=\"left\"><span style=\"font-family: &amp;amp;\">Szymon<\/span><\/td>\n<td style=\"width: 32.2742%; height: 20px;\" align=\"left\"><span style=\"font-family: &amp;quot;\">SP2-26-387<\/span><\/td>\n<\/tr>\n<tr style=\"height: 20px;\">\n<td style=\"width: 31.4381%; height: 20px;\" align=\"left\" height=\"17\"><span style=\"font-family: &amp;amp;\">24.<\/span><\/td>\n<td style=\"width: 36.2876%; height: 20px;\" align=\"left\"><span style=\"font-family: &amp;amp;\">Waldemar<\/span><\/td>\n<td style=\"width: 32.2742%; height: 20px;\" align=\"left\"><span style=\"font-family: &amp;amp;\">SQ5CZN<\/span><\/td>\n<\/tr>\n<tr style=\"height: 20px;\">\n<td style=\"width: 31.4381%; height: 20px;\" align=\"left\" height=\"17\">25.<\/td>\n<td style=\"width: 36.2876%; height: 20px;\" align=\"left\">Piotr<\/td>\n<td style=\"width: 32.2742%; height: 20px;\" align=\"left\">SQ2SKI<\/td>\n<\/tr>\n<tr style=\"height: 20px;\">\n<td style=\"width: 31.4381%; height: 20px;\" align=\"left\" height=\"17\">26.<\/td>\n<td style=\"width: 36.2876%; height: 20px;\" align=\"left\">Rafa\u0142<\/td>\n<td style=\"width: 32.2742%; height: 20px;\" align=\"left\">SP2RF<\/td>\n<\/tr>\n<tr style=\"height: 20px;\">\n<td style=\"width: 31.4381%; height: 20px;\" align=\"left\" height=\"17\">&nbsp;27.<\/td>\n<td style=\"width: 36.2876%; height: 20px;\" align=\"left\">Rafa\u0142&nbsp;<\/td>\n<td style=\"width: 32.2742%; height: 20px;\" align=\"left\">SP2RJA<\/td>\n<\/tr>\n<tr style=\"height: 20px;\">\n<td style=\"width: 31.4381%; height: 20px;\">28.<\/td>\n<td style=\"width: 36.2876%; height: 20px;\">Krzysztof<\/td>\n<td style=\"width: 32.2742%; height: 20px;\">&nbsp;<\/td>\n<\/tr>\n<tr>\n<td style=\"width: 31.4381%;\">29.<\/td>\n<td style=\"width: 36.2876%;\">Olaf<\/td>\n<td style=\"width: 32.2742%;\">&nbsp;<\/td>\n<\/tr>\n<\/tbody>\n<\/table>\n","protected":false},"excerpt":{"rendered":"<p>WYKAZ cz\u0142onk\u00f3w Klubu Kr\u00f3tkofalowc\u00f3w PZK Fort IV przy Towarzystwie Mi\u0142o\u015bnik\u00f3w Torunia stan na dzie\u0144 09.11.2023 &nbsp; Zarz\u0105d Klubu w sk\u0142adzie: Prezes: Mariusz SQ2BNM Sekretarz: Andrzej SQ2RCB Gospodarz: Piotr SQ2CFV Lp. Imi\u0119 Znak 1. Mariusz SQ2BNM 2. Rafa\u0142 SP2RAK 3. Pawe\u0142 SP2PR 4. Waldemar SP2EUI 5. Wies\u0142aw SP2IWL 6. Eugeniusz SP2EPV 7. Jerzy SP2RED 8. Piotr [&hellip;]<\/p>\n","protected":false},"author":1,"featured_media":0,"parent":0,"menu_order":0,"comment_status":"closed","ping_status":"open","template":"","meta":{"ngg_post_thumbnail":0,"footnotes":""},"class_list":["post-281","page","type-page","status-publish","hentry"],"_links":{"self":[{"href":"https:\/\/www.sp2tmt.pl\/index.php?rest_route=\/wp\/v2\/pages\/281","targetHints":{"allow":["GET"]}}],"collection":[{"href":"https:\/\/www.sp2tmt.pl\/index.php?rest_route=\/wp\/v2\/pages"}],"about":[{"href":"https:\/\/www.sp2tmt.pl\/index.php?rest_route=\/wp\/v2\/types\/page"}],"author":[{"embeddable":true,"href":"https:\/\/www.sp2tmt.pl\/index.php?rest_route=\/wp\/v2\/users\/1"}],"replies":[{"embeddable":true,"href":"https:\/\/www.sp2tmt.pl\/index.php?rest_route=%2Fwp%2Fv2%2Fcomments&post=281"}],"version-history":[{"count":17,"href":"https:\/\/www.sp2tmt.pl\/index.php?rest_route=\/wp\/v2\/pages\/281\/revisions"}],"predecessor-version":[{"id":2465,"href":"https:\/\/www.sp2tmt.pl\/index.php?rest_route=\/wp\/v2\/pages\/281\/revisions\/2465"}],"wp:attachment":[{"href":"https:\/\/www.sp2tmt.pl\/index.php?rest_route=%2Fwp%2Fv2%2Fmedia&parent=281"}],"curies":[{"name":"wp","href":"https:\/\/api.w.org\/{rel}","templated":true}]}}