{"id":785,"date":"2019-01-24T10:23:52","date_gmt":"2019-01-24T09:23:52","guid":{"rendered":"https:\/\/www.sp2tmt.pl\/?page_id=785"},"modified":"2019-12-23T12:58:21","modified_gmt":"2019-12-23T11:58:21","slug":"kacik-techniczny","status":"publish","type":"page","link":"https:\/\/www.sp2tmt.pl\/?page_id=785","title":{"rendered":"K\u0105cik Techniczny"},"content":{"rendered":"<p>1. Techniczne informacje dla HAM&#8217;s\u00f3w autorstwa PA0FRI &#8211; kompendium informacji technicznych:<\/p>\n<p><a href=\"http:\/\/www.pa0fri.com\/\">http:\/\/www.pa0fri.com\/<\/a><\/p>\n<p>2. konstrukcje r\u00f3\u017cnych typ\u00f3w balun\u00f3w czyli transformator\u00f3w na stronie SQ1SDX:<\/p>\n<p><a href=\"http:\/\/www.sq1sdx.eu\/balun-unun-antenowy-91-kf-moc-do-1-kw\/\">http:\/\/www.sq1sdx.eu\/balun-unun-antenowy-91-kf-moc-do-1-kw\/<\/a><\/p>\n<p>3. Przydatne wiadomo\u015bci o antenie typu BAZUKA:<\/p>\n<div><a href=\"http:\/\/radioaficion.com\/cms\/bazooka-antenna-measurements-per-band\/\" target=\"_blank\">http:\/\/radioaficion.com\/cms\/bazooka-antenna-measurements-per-band\/<\/a><\/div>\n<div><a href=\"http:\/\/radioaficion.com\/cms\/build-a-double-bazooka-antenna\/\" target=\"_blank\">http:\/\/radioaficion.com\/cms\/build-a-double-bazooka-antenna\/<\/a><\/div>\n<div><a href=\"https:\/\/translate.google.pl\/translate?hl=pl&amp;tab=wT&amp;sl=en&amp;tl=pl&amp;u=http%3A%2F%2Fradioaficion.com%2Fcms%2Fbuild-a-double-bazooka-antenna%2F\" target=\"_blank\">https:\/\/translate.google.pl\/translate?hl=pl&amp;tab=wT&amp;sl=en&amp;tl=pl&amp;u=http%3A%2F%2Fradioaficion.com%2Fcms%2Fbuild-a-double-bazooka-antenna%2F<\/a><\/div>\n<div>Ostatni link t\u0142umaczenie via wujek google.<\/div>\n<div>Jest tam bardzo du\u017co podpowiedzi z czego robi\u0107 i jak robi\u0107 ?<\/div>\n<div>Tutaj artyku\u0142 w j\u0119zyku niemieckim ;-)))) te\u017c na temat anteny BAZUKA:<\/div>\n<div>\n<div>inne podej\u015bcie do bazooki<\/div>\n<div><a href=\"http:\/\/dc7hs.blogspot.com\/2011\/05\/bazooka-die-monobandantenne.html\" target=\"_blank\">http:\/\/dc7hs.blogspot.com\/2011\/05\/bazooka-die-monobandantenne.html<\/a><\/div>\n<div><\/div>\n<div><a href=\"https:\/\/www.sp2tmt.pl\/wp-content\/uploads\/2019\/12\/hf_handbook_v9.pdf\" target=\"_blank\">HF MANAGER\u2019S HANDBOOK<\/a><\/div>\n<div><\/div>\n<div><\/div>\n<\/div>\n","protected":false},"excerpt":{"rendered":"<p>1. Techniczne informacje dla HAM&#8217;s\u00f3w autorstwa PA0FRI &#8211; kompendium informacji technicznych: http:\/\/www.pa0fri.com\/ 2. konstrukcje r\u00f3\u017cnych typ\u00f3w balun\u00f3w czyli transformator\u00f3w na stronie SQ1SDX: http:\/\/www.sq1sdx.eu\/balun-unun-antenowy-91-kf-moc-do-1-kw\/ 3. Przydatne wiadomo\u015bci o antenie typu BAZUKA: http:\/\/radioaficion.com\/cms\/bazooka-antenna-measurements-per-band\/ http:\/\/radioaficion.com\/cms\/build-a-double-bazooka-antenna\/ https:\/\/translate.google.pl\/translate?hl=pl&amp;tab=wT&amp;sl=en&amp;tl=pl&amp;u=http%3A%2F%2Fradioaficion.com%2Fcms%2Fbuild-a-double-bazooka-antenna%2F Ostatni link t\u0142umaczenie via wujek google. Jest tam bardzo du\u017co podpowiedzi z czego robi\u0107 i jak robi\u0107 ? Tutaj artyku\u0142 w j\u0119zyku [&hellip;]<\/p>\n","protected":false},"author":1,"featured_media":0,"parent":0,"menu_order":0,"comment_status":"closed","ping_status":"open","template":"","meta":{"ngg_post_thumbnail":0,"footnotes":""},"class_list":["post-785","page","type-page","status-publish","hentry"],"_links":{"self":[{"href":"https:\/\/www.sp2tmt.pl\/index.php?rest_route=\/wp\/v2\/pages\/785","targetHints":{"allow":["GET"]}}],"collection":[{"href":"https:\/\/www.sp2tmt.pl\/index.php?rest_route=\/wp\/v2\/pages"}],"about":[{"href":"https:\/\/www.sp2tmt.pl\/index.php?rest_route=\/wp\/v2\/types\/page"}],"author":[{"embeddable":true,"href":"https:\/\/www.sp2tmt.pl\/index.php?rest_route=\/wp\/v2\/users\/1"}],"replies":[{"embeddable":true,"href":"https:\/\/www.sp2tmt.pl\/index.php?rest_route=%2Fwp%2Fv2%2Fcomments&post=785"}],"version-history":[{"count":6,"href":"https:\/\/www.sp2tmt.pl\/index.php?rest_route=\/wp\/v2\/pages\/785\/revisions"}],"predecessor-version":[{"id":938,"href":"https:\/\/www.sp2tmt.pl\/index.php?rest_route=\/wp\/v2\/pages\/785\/revisions\/938"}],"wp:attachment":[{"href":"https:\/\/www.sp2tmt.pl\/index.php?rest_route=%2Fwp%2Fv2%2Fmedia&parent=785"}],"curies":[{"name":"wp","href":"https:\/\/api.w.org\/{rel}","templated":true}]}}